{"id":69,"date":"2018-09-20T15:17:30","date_gmt":"2018-09-20T13:17:30","guid":{"rendered":"http:\/\/new.serwis-kotlow.com\/?page_id=69"},"modified":"2018-09-20T15:26:25","modified_gmt":"2018-09-20T13:26:25","slug":"oferta","status":"publish","type":"page","link":"http:\/\/serwis-kotlow.com\/index.php\/oferta\/","title":{"rendered":"Oferta"},"content":{"rendered":"<p>Zajmujemy si\u0119 kompleksow\u0105, profesjonaln\u0105 napraw\u0105, serwisem i obs\u0142ug\u0105 kot\u0142\u00f3w gazowych, kondensacyjnych i klasycznych bez wzgl\u0119du na ich rok produkcji. Diagnozujemy i usuwamy usterki w kot\u0142ach i piecach CI i CWU oraz niekt\u00f3rych innych urz\u0105dzeniach grzewczych.<\/p>\n<p>Aby w Pa\u0144stwa domu by\u0142o zawsze ciep\u0142o i przytulnie, niezale\u017cnie od metody grzewczej, w sk\u0142ad naszej oferty wchodzi tak\u017ce monta\u017c oraz serwis instalacji solarnych, a tak\u017ce uzdatniaczy wody.<\/p>\n<p>Nasze us\u0142ugi obejmuj\u0105 r\u00f3wnie\u017c serwis gwarancyjny i pogwarancyjny kot\u0142\u00f3w kondensacyjnych i klasycznych. Zajmujemy si\u0119 pierwszymi uruchomieniami, a tak\u017ce niezb\u0119dnymi do prawid\u0142owego funkcjonowania sprz\u0119tu przez ca\u0142y okres jego u\u017cytkowania &#8211; przegl\u0105dami okresowymi i konserwacjami. S\u0142u\u017cymy pomoc\u0105 i wsparciem r\u00f3wnie\u017c w zakresie doradztwa technicznego. Wykonujemy wszelkiego rodzaju naprawy kot\u0142\u00f3w Immergas. Obszar naszej dzia\u0142alno\u015bci obejmuje Plewiska, Wiry, Komorniki i Lubo\u0144 oraz okolice Lubonia.<\/p>\n<p>Dzi\u0119ki profesjonalnym urz\u0105dzeniom diagnostycznym oraz regularnie powi\u0119kszan\u0105 na szkoleniach wiedz\u0105 naszych wykwalifikowanych pracownik\u00f3w w dziedzinie obs\u0142ugi i konserwacji kot\u0142\u00f3w, gwarantujemy skuteczno\u015b\u0107 naszych dzia\u0142a\u0144. Urz\u0105dzenia przez nas naprawiane i serwisowane zwi\u0119kszaj\u0105 oraz przed\u0142u\u017caj\u0105 swoj\u0105 sprawno\u015b\u0107, co przek\u0142ada si\u0119 na minimalizacj\u0119 koszt\u00f3w zwi\u0105zanych z ogrzewaniem w Pa\u0144stwa domu.<\/p>\n<p>Wiedz\u0105c, jaki negatywny wp\u0142yw, nie tylko na komfort \u017cycia, ale tak\u017ce i zdrowie ludzkie, ma ka\u017cda awaria urz\u0105dze\u0144 grzewczych, zapewniamy szybk\u0105 realizacj\u0119 zlece\u0144 oraz natychmiastow\u0105 reakcj\u0119 na Pa\u0144stwa zg\u0142oszenie. A wizyt\u0119 naszego pracownika um\u00f3wimy w dogodnym dla Pa\u0144stwa terminie.<\/p>\n<p><strong>Rzetelnie i sprawnie zadbamy o ciep\u0142o w Twoim domu!<\/strong><\/p>\n","protected":false},"excerpt":{"rendered":"<p>Zajmujemy si\u0119 kompleksow\u0105, profesjonaln\u0105 napraw\u0105, serwisem i obs\u0142ug\u0105 kot\u0142\u00f3w gazowych, kondensacyjnych i klasycznych bez wzgl\u0119du na ich rok produkcji. Diagnozujemy i usuwamy usterki w kot\u0142ach i piecach CI i CWU oraz niekt\u00f3rych innych urz\u0105dzeniach grzewczych. Aby w Pa\u0144stwa domu by\u0142o zawsze ciep\u0142o i przytulnie, niezale\u017cnie od metody grzewczej, w sk\u0142ad naszej oferty wchodzi tak\u017ce monta\u017c [&hellip;]<\/p>\n","protected":false},"author":1,"featured_media":0,"parent":0,"menu_order":0,"comment_status":"closed","ping_status":"closed","template":"","meta":[],"_links":{"self":[{"href":"http:\/\/serwis-kotlow.com\/index.php\/wp-json\/wp\/v2\/pages\/69"}],"collection":[{"href":"http:\/\/serwis-kotlow.com\/index.php\/wp-json\/wp\/v2\/pages"}],"about":[{"href":"http:\/\/serwis-kotlow.com\/index.php\/wp-json\/wp\/v2\/types\/page"}],"author":[{"embeddable":true,"href":"http:\/\/serwis-kotlow.com\/index.php\/wp-json\/wp\/v2\/users\/1"}],"replies":[{"embeddable":true,"href":"http:\/\/serwis-kotlow.com\/index.php\/wp-json\/wp\/v2\/comments?post=69"}],"version-history":[{"count":2,"href":"http:\/\/serwis-kotlow.com\/index.php\/wp-json\/wp\/v2\/pages\/69\/revisions"}],"predecessor-version":[{"id":75,"href":"http:\/\/serwis-kotlow.com\/index.php\/wp-json\/wp\/v2\/pages\/69\/revisions\/75"}],"wp:attachment":[{"href":"http:\/\/serwis-kotlow.com\/index.php\/wp-json\/wp\/v2\/media?parent=69"}],"curies":[{"name":"wp","href":"https:\/\/api.w.org\/{rel}","templated":true}]}}