{"id":61,"date":"2018-09-20T15:13:04","date_gmt":"2018-09-20T13:13:04","guid":{"rendered":"http:\/\/new.serwis-kotlow.com\/?page_id=61"},"modified":"2018-09-20T15:25:13","modified_gmt":"2018-09-20T13:25:13","slug":"o-nas-2","status":"publish","type":"page","link":"http:\/\/serwis-kotlow.com\/index.php\/o-nas-2\/","title":{"rendered":"Licencjonowany Serwis Immergas"},"content":{"rendered":"<p>Od pocz\u0105tku naszej dzielno\u015bci zajmujemy si\u0119 serwisem urz\u0105dze\u0144 grzewczych. Od 2005 roku prowadzili\u015bmy Autoryzowany Serwis Immergas natomiast w roku 2018 przekszta\u0142cili\u015bmy si\u0119 w Licencjonowany Serwis Immergas. Nasza firma to rzetelne i solidne us\u0142ugi serwisu, napraw i konserwacji urz\u0105dze\u0144 grzewczych Immergas. Zapewniamy sprawn\u0105 i mi\u0142\u0105 obs\u0142ug\u0119.<\/p>\n<p>Gwarantujemy szybki dojazd do napraw gwarancyjnych i pogwarancyjnych. W naszym magazynie posiadamy du\u017cy zapas cz\u0119\u015bci, co pozwala na skracanie czasu oczekiwania na napraw\u0119. Nasi serwisanci to wykwalifikowany zesp\u00f3\u0142, kt\u00f3ry zapewnia fachowe i kompleksowe naprawy Pa\u0144stwa urz\u0105dze\u0144 grzewczych oraz skuteczne rozwi\u0105zywanie zwi\u0105zanych z nimi problem\u00f3w.<\/p>\n<p>Nasze do\u015bwiadczenie poparte jest latami pracy z zak\u0142adzie instalacyjnym. Co wi\u0119cej, s\u0142u\u017cymy tak\u017ce pomoc\u0105 w zakresie doradztwa technicznego oraz wyboru najbardziej optymalnych system\u00f3w dla danych pomieszcze\u0144. Pod nasz\u0105 sta\u0142\u0105 opiek\u0105 serwisow\u0105 pozostaje wiele kot\u0142\u00f3w w mieszkaniach i domach klient\u00f3w indywidualnych.<\/p>\n<p>Staramy si\u0119, aby jako\u015b\u0107 \u015bwiadczonych przez nas us\u0142ug by\u0142a zawsze na najwy\u017cszym poziomie. Pod\u0105\u017camy za nowymi trendami i nowo\u015bciami technicznymi. Aby uzupe\u0142nia\u0107 wiedz\u0119 i rozwija\u0107 umiej\u0119tno\u015bci regularnie uczestniczymy w szkoleniach organizowanych przez firm\u0119 Immergas dla Licencjonowanych Serwis\u00f3w.<\/p>\n<p>Serdecznie zapraszamy do wsp\u00f3\u0142pracy i korzystania z naszych us\u0142ug klient\u00f3w indywidualnych, firmy, instytucje publiczne, a tak\u017ce wsp\u00f3lnoty i sp\u00f3\u0142dzielnie mieszkaniowe.<\/p>\n<p><strong>Do\u0142\u0105cz do grona naszych zadowolonych klient\u00f3w. <\/strong><br \/>\n<strong>Zapraszamy do zapoznania si\u0119 z nasz\u0105 ofert\u0105.<\/strong><\/p>\n","protected":false},"excerpt":{"rendered":"<p>Od pocz\u0105tku naszej dzielno\u015bci zajmujemy si\u0119 serwisem urz\u0105dze\u0144 grzewczych. Od 2005 roku prowadzili\u015bmy Autoryzowany Serwis Immergas natomiast w roku 2018 przekszta\u0142cili\u015bmy si\u0119 w Licencjonowany Serwis Immergas. Nasza firma to rzetelne i solidne us\u0142ugi serwisu, napraw i konserwacji urz\u0105dze\u0144 grzewczych Immergas. Zapewniamy sprawn\u0105 i mi\u0142\u0105 obs\u0142ug\u0119. Gwarantujemy szybki dojazd do napraw gwarancyjnych i pogwarancyjnych. W naszym [&hellip;]<\/p>\n","protected":false},"author":1,"featured_media":0,"parent":0,"menu_order":0,"comment_status":"closed","ping_status":"closed","template":"","meta":[],"_links":{"self":[{"href":"http:\/\/serwis-kotlow.com\/index.php\/wp-json\/wp\/v2\/pages\/61"}],"collection":[{"href":"http:\/\/serwis-kotlow.com\/index.php\/wp-json\/wp\/v2\/pages"}],"about":[{"href":"http:\/\/serwis-kotlow.com\/index.php\/wp-json\/wp\/v2\/types\/page"}],"author":[{"embeddable":true,"href":"http:\/\/serwis-kotlow.com\/index.php\/wp-json\/wp\/v2\/users\/1"}],"replies":[{"embeddable":true,"href":"http:\/\/serwis-kotlow.com\/index.php\/wp-json\/wp\/v2\/comments?post=61"}],"version-history":[{"count":3,"href":"http:\/\/serwis-kotlow.com\/index.php\/wp-json\/wp\/v2\/pages\/61\/revisions"}],"predecessor-version":[{"id":74,"href":"http:\/\/serwis-kotlow.com\/index.php\/wp-json\/wp\/v2\/pages\/61\/revisions\/74"}],"wp:attachment":[{"href":"http:\/\/serwis-kotlow.com\/index.php\/wp-json\/wp\/v2\/media?parent=61"}],"curies":[{"name":"wp","href":"https:\/\/api.w.org\/{rel}","templated":true}]}}