{"id":24,"date":"2018-09-19T14:07:57","date_gmt":"2018-09-19T12:07:57","guid":{"rendered":"http:\/\/new.serwis-kotlow.com\/?page_id=24"},"modified":"2018-09-20T15:27:15","modified_gmt":"2018-09-20T13:27:15","slug":"kontakt","status":"publish","type":"page","link":"http:\/\/serwis-kotlow.com\/index.php\/kontakt\/","title":{"rendered":"Kontakt"},"content":{"rendered":"<p><span class=\"style4\">Licencjonowany\u00a0 Serwis Immergas:<\/span><br \/>\nWronczyn, ul. G\u0142\u00f3wna 89<br \/>\n62-060 St\u0119szew<\/p>\n<p>Email:<br \/>\nBiuro Obs\u0142ugi:\u00a0<a href=\"mailto:bok@serwis-kotlow.com\" target=\"_blank\" rel=\"noopener\"><span style=\"color: #000000;\">bok@serwis-kotlow.com<\/span><\/a><br \/>\nUruchomienia:\u00a0<a href=\"mailto:serwis@serwis-kotlow.com\" target=\"_blank\" rel=\"noopener\"><span style=\"color: #000000;\">serwis@serwis-kotlow.com<\/span><\/a><br \/>\nPrzegl\u0105dy:\u00a0<a href=\"mailto:przeglady@serwis-kotlow.com\" target=\"_blank\" rel=\"noopener\"><span style=\"color: #000000;\">przeglady@serwis-kotlow.com<\/span><\/a><br \/>\nAwarie:\u00a0<a href=\"mailto:awarie@serwis-kotlow.com\" target=\"_blank\" rel=\"noopener\"><span style=\"color: #000000;\">awarie@serwis-kotlow.com<\/span><\/a><\/p>\n<p>Telefony:<br \/>\n\u2022 uruchomienia, awarie: 696 433 664<br \/>\n\u2022 przegl\u0105dy, awarie: 604 445 513<\/p>\n","protected":false},"excerpt":{"rendered":"<p>Licencjonowany\u00a0 Serwis Immergas: Wronczyn, ul. G\u0142\u00f3wna 89 62-060 St\u0119szew Email: Biuro Obs\u0142ugi:\u00a0bok@serwis-kotlow.com Uruchomienia:\u00a0serwis@serwis-kotlow.com Przegl\u0105dy:\u00a0przeglady@serwis-kotlow.com Awarie:\u00a0awarie@serwis-kotlow.com Telefony: \u2022 uruchomienia, awarie: 696 433 664 \u2022 przegl\u0105dy, awarie: 604 445 513<\/p>\n","protected":false},"author":1,"featured_media":0,"parent":0,"menu_order":0,"comment_status":"closed","ping_status":"closed","template":"","meta":[],"_links":{"self":[{"href":"http:\/\/serwis-kotlow.com\/index.php\/wp-json\/wp\/v2\/pages\/24"}],"collection":[{"href":"http:\/\/serwis-kotlow.com\/index.php\/wp-json\/wp\/v2\/pages"}],"about":[{"href":"http:\/\/serwis-kotlow.com\/index.php\/wp-json\/wp\/v2\/types\/page"}],"author":[{"embeddable":true,"href":"http:\/\/serwis-kotlow.com\/index.php\/wp-json\/wp\/v2\/users\/1"}],"replies":[{"embeddable":true,"href":"http:\/\/serwis-kotlow.com\/index.php\/wp-json\/wp\/v2\/comments?post=24"}],"version-history":[{"count":2,"href":"http:\/\/serwis-kotlow.com\/index.php\/wp-json\/wp\/v2\/pages\/24\/revisions"}],"predecessor-version":[{"id":76,"href":"http:\/\/serwis-kotlow.com\/index.php\/wp-json\/wp\/v2\/pages\/24\/revisions\/76"}],"wp:attachment":[{"href":"http:\/\/serwis-kotlow.com\/index.php\/wp-json\/wp\/v2\/media?parent=24"}],"curies":[{"name":"wp","href":"https:\/\/api.w.org\/{rel}","templated":true}]}}